{"id":508,"date":"2024-02-04T06:44:27","date_gmt":"2024-02-04T06:44:27","guid":{"rendered":"https:\/\/themeholy.com\/wordpress\/fresh\/?page_id=508"},"modified":"2025-02-09T19:14:39","modified_gmt":"2025-02-09T19:14:39","slug":"%d8%b9%d9%86-%d8%a7%d9%84%d8%b1%d8%a7%d8%a8%d8%b7%d8%a9","status":"publish","type":"page","link":"https:\/\/www.safeernpo.sa\/fr\/%d8%b9%d9%86-%d8%a7%d9%84%d8%b1%d8%a7%d8%a8%d8%b7%d8%a9\/","title":{"rendered":"\u00c0 propos de l'association"},"content":{"rendered":"<div data-elementor-type=\"wp-page\" data-elementor-id=\"508\" class=\"elementor elementor-508\" data-elementor-post-type=\"page\">\n\t\t\t\t\t\t<section class=\"elementor-section elementor-top-section elementor-element elementor-element-2ded3f5 elementor-section-full_width elementor-section-stretched elementor-section-height-default elementor-section-height-default\" data-id=\"2ded3f5\" data-element_type=\"section\" data-e-type=\"section\" data-settings=\"{&quot;background_background&quot;:&quot;classic&quot;,&quot;stretch_section&quot;:&quot;section-stretched&quot;}\">\n\t\t\t\t\t\t<div class=\"elementor-container elementor-column-gap-no\">\n\t\t\t\t\t<div class=\"elementor-column elementor-col-100 elementor-top-column elementor-element elementor-element-5d0ea3b\" data-id=\"5d0ea3b\" data-element_type=\"column\" data-e-type=\"column\">\n\t\t\t<div class=\"elementor-widget-wrap elementor-element-populated\">\n\t\t\t\t\t\t<section class=\"elementor-section elementor-inner-section elementor-element elementor-element-292d8cb elementor-section-content-middle elementor-section-boxed elementor-section-height-default elementor-section-height-default\" data-id=\"292d8cb\" data-element_type=\"section\" data-e-type=\"section\">\n\t\t\t\t\t\t<div class=\"elementor-container elementor-column-gap-no\">\n\t\t\t\t\t<div class=\"elementor-column elementor-col-50 elementor-inner-column elementor-element elementor-element-d6ef294\" data-id=\"d6ef294\" data-element_type=\"column\" data-e-type=\"column\">\n\t\t\t<div class=\"elementor-widget-wrap elementor-element-populated\">\n\t\t\t\t\t\t<div class=\"elementor-element elementor-element-1706e3d elementor-widget elementor-widget-tragagroupimage\" data-id=\"1706e3d\" data-element_type=\"widget\" data-e-type=\"widget\" data-widget_type=\"tragagroupimage.default\">\n\t\t\t\t<div class=\"elementor-widget-container\">\n\t\t\t\t\t<div class=\"img-box2\"><div class=\"img1\"><img decoding=\"async\" src=\"https:\/\/www.safeernpo.sa\/wp-content\/uploads\/2025\/01\/514x343-the-importance-of-leadership-in-the-success-of-entrepreneurial-projects-1.webp\" alt=\"\u0631\u0627\u0628\u0637\u0629%20\u0627\u0644\u0645\u062f\u0627\u0631\u0633%20\u0627\u0644\u0625\u0633\u0644\u0627\u0645\u064a\u0629\"  \/><\/div><\/div>\t\t\t\t<\/div>\n\t\t\t\t<\/div>\n\t\t\t\t\t<\/div>\n\t\t<\/div>\n\t\t\t\t<div class=\"elementor-column elementor-col-50 elementor-inner-column elementor-element elementor-element-bb8a6af\" data-id=\"bb8a6af\" data-element_type=\"column\" data-e-type=\"column\">\n\t\t\t<div class=\"elementor-widget-wrap elementor-element-populated\">\n\t\t\t\t\t\t<div class=\"elementor-element elementor-element-ac34f80 elementor-widget elementor-widget-tragasectiontitle\" data-id=\"ac34f80\" data-element_type=\"widget\" data-e-type=\"widget\" data-widget_type=\"tragasectiontitle.default\">\n\t\t\t\t<div class=\"elementor-widget-container\">\n\t\t\t\t\t<div class=\"title-area-wrap\"><div class=\"title-area mb-35\" ><span class=\"sub-title subtitle-selector\"><img decoding=\"async\" src=\"https:\/\/www.safeernpo.sa\/wp-content\/uploads\/2025\/02\/star.png\" alt=\"\u0631\u0627\u0628\u0637\u0629%20\u0627\u0644\u0645\u062f\u0627\u0631\u0633%20\u0627\u0644\u0625\u0633\u0644\u0627\u0645\u064a\u0629\"  class=\"icon me-2\" \/>\u00c0 propos de la Lecim : <\/span><\/div><p class=\"desc-selector mt-n2 mb-4\">La ligue des \u00c9tablissements Confessionnelles Islamiques et M\u00e9dersas En C\u00f4te D'Ivoire : est une association islamique, scientifique, \u00e9ducative et \u00e9thique qui vise \u00e0 unifier les programmes scolaires, \u00e0 consolider les relations entre les \u00c9tablissements Confessionnelles Islamiques et le gouvernement et \u00e0 d\u00e9fendre leurs droits. Il a \u00e9t\u00e9 cr\u00e9\u00e9 le dimanche 15 avril 2012 \u00e0 l'Universit\u00e9 islamique Al-Furqan.<\/p><\/div>\t\t\t\t<\/div>\n\t\t\t\t<\/div>\n\t\t\t\t<div class=\"elementor-element elementor-element-48d09f4 elementor-widget elementor-widget-heading\" data-id=\"48d09f4\" data-element_type=\"widget\" data-e-type=\"widget\" data-widget_type=\"heading.default\">\n\t\t\t\t<div class=\"elementor-widget-container\">\n\t\t\t\t\t<h2 class=\"elementor-heading-title elementor-size-default\">Statistiques :<\/h2>\t\t\t\t<\/div>\n\t\t\t\t<\/div>\n\t\t\t\t<div class=\"elementor-element elementor-element-ca2075a elementor-widget elementor-widget-tragalist\" data-id=\"ca2075a\" data-element_type=\"widget\" data-e-type=\"widget\" data-widget_type=\"tragalist.default\">\n\t\t\t\t<div class=\"elementor-widget-container\">\n\t\t\t\t\t<div class=\"checklist style3\"><ul><li><i class=\"far fa-check\"><\/i>Nombre d'\u00e9coles ayant adh\u00e9r\u00e9 \u00e0 la Lecim: 1 110 \u00e9coles<\/li><li><i class=\"far fa-check\"><\/i>Nombre d'\u00e9coles reconnues par le gouvernement: 325 \u00e9coles<\/li><li><i class=\"far fa-check\"><\/i>Le nombre d\u2019\u00e9tudiants inscrits au fichier de la Lecim (220 mille \u00e9tudiants, hommes et femmes)<\/li><li><i class=\"far fa-check\"><\/i>Le nombre de gar\u00e7ons est de 176 000<\/li><li><i class=\"far fa-check\"><\/i>Le nombre de filles est de 44 000<\/li><li><i class=\"far fa-check\"><\/i>Nombre d'enseignants de la Lecim: (1992 enseignants).<\/li><li><i class=\"far fa-check\"><\/i>Nombre de succursales de la Lecim dans le pays : 53<\/li><\/ul><\/div>\t\t\t\t<\/div>\n\t\t\t\t<\/div>\n\t\t\t\t\t<\/div>\n\t\t<\/div>\n\t\t\t\t\t<\/div>\n\t\t<\/section>\n\t\t\t\t\t<\/div>\n\t\t<\/div>\n\t\t\t\t\t<\/div>\n\t\t<\/section>\n\t\t\t\t<section class=\"elementor-section elementor-top-section elementor-element elementor-element-3f5ae7e1 team-sec elementor-section-full_width elementor-section-stretched elementor-hidden-desktop elementor-hidden-tablet elementor-hidden-mobile elementor-section-height-default elementor-section-height-default\" data-id=\"3f5ae7e1\" data-element_type=\"section\" data-e-type=\"section\" data-settings=\"{&quot;background_background&quot;:&quot;classic&quot;,&quot;stretch_section&quot;:&quot;section-stretched&quot;}\">\n\t\t\t\t\t\t<div class=\"elementor-container elementor-column-gap-default\">\n\t\t\t\t\t<div class=\"elementor-column elementor-col-100 elementor-top-column elementor-element elementor-element-45fb6117\" data-id=\"45fb6117\" data-element_type=\"column\" data-e-type=\"column\">\n\t\t\t<div class=\"elementor-widget-wrap elementor-element-populated\">\n\t\t\t\t\t\t<div class=\"elementor-element elementor-element-4df20623 elementor-widget elementor-widget-tragasectiontitle\" data-id=\"4df20623\" data-element_type=\"widget\" data-e-type=\"widget\" data-widget_type=\"tragasectiontitle.default\">\n\t\t\t\t<div class=\"elementor-widget-container\">\n\t\t\t\t\t<div class=\"title-area-wrap\"><div class=\"title-area\" ><span class=\"sub-title subtitle-selector\"><img decoding=\"async\" src=\"https:\/\/www.safeernpo.sa\/wp-content\/uploads\/2025\/01\/stars-svgrepo-com-1.png\" alt=\"\u0631\u0627\u0628\u0637\u0629%20\u0627\u0644\u0645\u062f\u0627\u0631\u0633%20\u0627\u0644\u0625\u0633\u0644\u0627\u0645\u064a\u0629\"  class=\"icon me-2\" \/>\u0623\u0647\u062f\u0627\u0641 \u0627\u0644\u062c\u0645\u0639\u064a\u0629<\/span><h2 class=\"sec-title title-selector\">\u0633\u0641\u064a\u0631 \u0647\u064a \u062c\u0645\u0639\u064a\u0629 \u062a\u0639\u0644\u064a\u0645\u064a\u0629 \u062e\u064a\u0631\u064a\u0629 \u0645\u0635\u0631\u062d\u0629 \u0645\u0646 \u0648\u0632\u0627\u0631\u0629 \u0627\u0644\u0645\u0648\u0627\u0631\u062f \u0627\u0644\u0628\u0634\u0631\u064a\u0629 \u0648\u0627\u0644\u062a\u0646\u0645\u064a\u0629 \u0627\u0644\u0627\u062c\u062a\u0645\u0627\u0639\u064a\u0629 <br>\u062a\u0647\u062f\u0641 \u0627\u0644\u0649 \u062a\u0646\u0645\u064a\u0629 \u0648\u062a\u0637\u0648\u064a\u0631 \u0631\u0623\u0633 \u0627\u0644\u0645\u0627\u0644 \u0627\u0644\u0628\u0634\u0631\u064a\u060c \u0648\u062a\u0648\u062c\u064a\u0647 \u0627\u0644\u0643\u0648\u0627\u062f\u0631 \u0627\u0644\u0648\u0637\u0646\u064a\u0629 \u0646\u062d\u0648 \u0627\u0644\u0645\u0647\u0627\u0631\u0627\u062a \u0627\u0644\u0645\u0633\u062a\u0642\u0628\u0644\u064a\u0629 \u0627\u0644\u0645\u062a\u0642\u062f\u0645\u0629<\/h2><\/div><\/div>\t\t\t\t<\/div>\n\t\t\t\t<\/div>\n\t\t\t\t<section class=\"elementor-section elementor-inner-section elementor-element elementor-element-743973cc arrow-wrap elementor-section-boxed elementor-section-height-default elementor-section-height-default\" data-id=\"743973cc\" data-element_type=\"section\" data-e-type=\"section\">\n\t\t\t\t\t\t<div class=\"elementor-container elementor-column-gap-no\">\n\t\t\t\t\t<div class=\"elementor-column elementor-col-100 elementor-inner-column elementor-element elementor-element-18d64151\" data-id=\"18d64151\" data-element_type=\"column\" data-e-type=\"column\">\n\t\t\t<div class=\"elementor-widget-wrap elementor-element-populated\">\n\t\t\t\t\t\t<div class=\"elementor-element elementor-element-35d3fe3e elementor-widget elementor-widget-tragateam\" data-id=\"35d3fe3e\" data-element_type=\"widget\" data-e-type=\"widget\" data-widget_type=\"tragateam.default\">\n\t\t\t\t<div class=\"elementor-widget-container\">\n\t\t\t\t\t<div class=\"team_3\"><div class=\"swiper th-slider has-shadow\" id=\"teamSlider1\" data-slider-options='{\"breakpoints\":{\"0\":{\"slidesPerView\":1},\"576\":{\"slidesPerView\":\"2\"},\"768\":{\"slidesPerView\":\"2\"},\"992\":{\"slidesPerView\":\"3\"},\"1200\":{\"slidesPerView\":\"3\"}}}'><div class=\"swiper-wrapper\"><!-- Single Item --><div class=\"swiper-slide\"><div class=\"th-team team-grid\"><div class=\"team-img\"><img decoding=\"async\" src=\"https:\/\/www.safeernpo.sa\/wp-content\/uploads\/2025\/01\/\u0633\u062f-\u0627\u0644\u0641\u062c\u0648\u0627\u062a-\u0641\u064a-\u0627\u0644\u062a\u0639\u0644\u064a\u0645.jpg\" alt=\"\u0631\u0627\u0628\u0637\u0629%20\u0627\u0644\u0645\u062f\u0627\u0631\u0633%20\u0627\u0644\u0625\u0633\u0644\u0627\u0645\u064a\u0629\"  \/><\/div><div class=\"team-social\"><div class=\"play-btn\"><i class=\"far fa-plus\"><\/i><\/div><div class=\"th-social\"><\/div><\/div><h3 class=\"box-title\"><a  href=\"\">\n\u0633\u062f \u0627\u0644\u0641\u062c\u0648\u0627\u062a \u0641\u064a \u0627\u0644\u062a\u0639\u0644\u064a\u0645\n<\/a><\/h3><div class=\"box-particle\" id=\"team-p1\"><\/div><\/div><\/div><!-- Single Item --><div class=\"swiper-slide\"><div class=\"th-team team-grid\"><div class=\"team-img\"><img decoding=\"async\" src=\"https:\/\/www.safeernpo.sa\/wp-content\/uploads\/2025\/01\/\u062e\u0644\u0642-\u0645\u062c\u062a\u0645\u0639-\u0642\u0627\u0626\u0645-\u0639\u0644\u0649-\u0627\u0644\u0645\u0639\u0631\u0641\u0629.jpg\" alt=\"\u0631\u0627\u0628\u0637\u0629%20\u0627\u0644\u0645\u062f\u0627\u0631\u0633%20\u0627\u0644\u0625\u0633\u0644\u0627\u0645\u064a\u0629\"  \/><\/div><div class=\"team-social\"><div class=\"play-btn\"><i class=\"far fa-plus\"><\/i><\/div><div class=\"th-social\"><\/div><\/div><h3 class=\"box-title\"><a  href=\"\">\u062e\u0644\u0642 \u0645\u062c\u062a\u0645\u0639 \u0642\u0627\u0626\u0645 \u0639\u0644\u0649 \u0627\u0644\u0645\u0639\u0631\u0641\u0629\n<\/a><\/h3><div class=\"box-particle\" id=\"team-p2\"><\/div><\/div><\/div><!-- Single Item --><div class=\"swiper-slide\"><div class=\"th-team team-grid\"><div class=\"team-img\"><img decoding=\"async\" src=\"https:\/\/www.safeernpo.sa\/wp-content\/uploads\/2025\/01\/\u062a\u0642\u062f\u064a\u0645-\u0628\u0631\u0627\u0645\u062c-\u062a\u062f\u0631\u064a\u0628\u064a\u0629-\u0634\u0627\u0645\u0644\u0629-\u0641\u064a-\u062a\u0642\u0646\u064a\u0627\u062a-\u0627\u0644\u062c\u064a\u0644-\u0627\u0644\u0642\u0627\u062f\u0645.jpg\" alt=\"\u0631\u0627\u0628\u0637\u0629%20\u0627\u0644\u0645\u062f\u0627\u0631\u0633%20\u0627\u0644\u0625\u0633\u0644\u0627\u0645\u064a\u0629\"  \/><\/div><div class=\"team-social\"><div class=\"play-btn\"><i class=\"far fa-plus\"><\/i><\/div><div class=\"th-social\"><\/div><\/div><h3 class=\"box-title\"><a  href=\"\">\u062a\u0642\u062f\u064a\u0645 \u0628\u0631\u0627\u0645\u062c \u062a\u062f\u0631\u064a\u0628\u064a\u0629 \u0634\u0627\u0645\u0644\u0629 \u0641\u064a \u062a\u0642\u0646\u064a\u0627\u062a \u0627\u0644\u062c\u064a\u0644 \u0627\u0644\u0642\u0627\u062f\u0645\n<\/a><\/h3><div class=\"box-particle\" id=\"team-p3\"><\/div><\/div><\/div><\/div><\/div><button data-slider-prev=\"#teamSlider1\" class=\"slider-arrow style3 slider-prev\"><i class=\"far fa-arrow-left\"><\/i><\/button><button data-slider-next=\"#teamSlider1\" class=\"slider-arrow style3 slider-next\"><i class=\"far fa-arrow-right\"><\/i><\/button><\/div>\t\t\t\t<\/div>\n\t\t\t\t<\/div>\n\t\t\t\t\t<\/div>\n\t\t<\/div>\n\t\t\t\t\t<\/div>\n\t\t<\/section>\n\t\t\t\t\t<\/div>\n\t\t<\/div>\n\t\t\t\t\t<\/div>\n\t\t<\/section>\n\t\t\t\t<section class=\"elementor-section elementor-top-section elementor-element elementor-element-ba0922d elementor-section-stretched elementor-section-boxed elementor-section-height-default elementor-section-height-default\" data-id=\"ba0922d\" data-element_type=\"section\" data-e-type=\"section\" data-settings=\"{&quot;background_background&quot;:&quot;classic&quot;,&quot;stretch_section&quot;:&quot;section-stretched&quot;}\">\n\t\t\t\t\t\t<div class=\"elementor-container elementor-column-gap-default\">\n\t\t\t\t\t<div class=\"elementor-column elementor-col-50 elementor-top-column elementor-element elementor-element-18a4fd41\" data-id=\"18a4fd41\" data-element_type=\"column\" data-e-type=\"column\">\n\t\t\t<div class=\"elementor-widget-wrap elementor-element-populated\">\n\t\t\t\t\t\t<section class=\"elementor-section elementor-inner-section elementor-element elementor-element-6c04c6a4 elementor-section-boxed elementor-section-height-default elementor-section-height-default\" data-id=\"6c04c6a4\" data-element_type=\"section\" data-e-type=\"section\">\n\t\t\t\t\t\t<div class=\"elementor-container elementor-column-gap-no\">\n\t\t\t\t\t<div class=\"elementor-column elementor-col-100 elementor-inner-column elementor-element elementor-element-2647975c\" data-id=\"2647975c\" data-element_type=\"column\" data-e-type=\"column\">\n\t\t\t<div class=\"elementor-widget-wrap elementor-element-populated\">\n\t\t\t\t\t\t<div class=\"elementor-element elementor-element-527b8b6e elementor-widget elementor-widget-tragasectiontitle\" data-id=\"527b8b6e\" data-element_type=\"widget\" data-e-type=\"widget\" data-widget_type=\"tragasectiontitle.default\">\n\t\t\t\t<div class=\"elementor-widget-container\">\n\t\t\t\t\t<div class=\"title-area-wrap\"><div class=\"title-area\" ><span class=\"sub-title subtitle-selector\"><img decoding=\"async\" src=\"https:\/\/www.safeernpo.sa\/wp-content\/uploads\/2025\/02\/star.png\" alt=\"\u0631\u0627\u0628\u0637\u0629%20\u0627\u0644\u0645\u062f\u0627\u0631\u0633%20\u0627\u0644\u0625\u0633\u0644\u0627\u0645\u064a\u0629\"  class=\"icon me-2\" \/>Pourquoi nous ?<\/span><h2 class=\"sec-title title-selector\">Informations g\u00e9n\u00e9rales sur les \u00e9coles islamiques en C\u00f4te d'Ivoire<\/h2><\/div><\/div>\t\t\t\t<\/div>\n\t\t\t\t<\/div>\n\t\t\t\t\t<\/div>\n\t\t<\/div>\n\t\t\t\t\t<\/div>\n\t\t<\/section>\n\t\t\t\t<section class=\"elementor-section elementor-inner-section elementor-element elementor-element-5f3e01b7 elementor-section-boxed elementor-section-height-default elementor-section-height-default\" data-id=\"5f3e01b7\" data-element_type=\"section\" data-e-type=\"section\">\n\t\t\t\t\t\t<div class=\"elementor-container elementor-column-gap-no\">\n\t\t\t\t\t<div class=\"elementor-column elementor-col-100 elementor-inner-column elementor-element elementor-element-6f80a7aa\" data-id=\"6f80a7aa\" data-element_type=\"column\" data-e-type=\"column\">\n\t\t\t<div class=\"elementor-widget-wrap elementor-element-populated\">\n\t\t\t\t\t\t<div class=\"elementor-element elementor-element-5730d4fd elementor-widget elementor-widget-tragalist\" data-id=\"5730d4fd\" data-element_type=\"widget\" data-e-type=\"widget\" data-widget_type=\"tragalist.default\">\n\t\t\t\t<div class=\"elementor-widget-container\">\n\t\t\t\t\t<div class=\"checklist style3\"><ul><li><i class=\"far fa-check\"><\/i>Le nombre d'\u00e9coles islamiques en C\u00f4te d'Ivoire, selon les statistiques 2014 du minist\u00e8re de l'\u00c9ducation nationale, est de 3 017 \u00e9coles.<\/li><li><i class=\"far fa-check\"><\/i>Nombre total d'\u00e9tudiants : un million et demi d'\u00e9tudiants et d'\u00e9tudiantes.<\/li><li><i class=\"far fa-check\"><\/i>Nombre d'\u00e9coles adh\u00e9rant \u00e0 (Association des Ecoles Islamiques et Mod\u00e8les de C\u00f4te d'Ivoire : 1 010 \u00e9coles) lecim<\/li><li><i class=\"far fa-check\"><\/i>Nombre d'enseignants de la Lecim: (1992 enseignants).<\/li><li><i class=\"far fa-check\"><\/i>Ecoles Rafidah : environ 44 \u00e9coles<\/li><li><i class=\"far fa-check\"><\/i>Nombre d'\u00e9coles (Organisation des \u00e9coles islamiques 612 (oeeci).  <\/li><li><i class=\"far fa-check\"><\/i>Un petit nombre d'\u00e9coles islamiques sont affili\u00e9es aux ordres cherifoula et soufi (Ansar al-Din).<\/li><li><i class=\"far fa-check\"><\/i>Il est \u00e0 noter qu'il existe un grand nombre d'\u00e9coles islamiques en C\u00f4te d'Ivoire qui ne sont pas affili\u00e9es aux organismes \u00e9ducatifs cit\u00e9s ci-dessus et reconnus sur le terrain.<\/li><\/ul><\/div>\t\t\t\t<\/div>\n\t\t\t\t<\/div>\n\t\t\t\t\t<\/div>\n\t\t<\/div>\n\t\t\t\t\t<\/div>\n\t\t<\/section>\n\t\t\t\t\t<\/div>\n\t\t<\/div>\n\t\t\t\t<div class=\"elementor-column elementor-col-50 elementor-top-column elementor-element elementor-element-66a77e1\" data-id=\"66a77e1\" data-element_type=\"column\" data-e-type=\"column\" data-settings=\"{&quot;background_background&quot;:&quot;classic&quot;}\">\n\t\t\t<div class=\"elementor-widget-wrap elementor-element-populated\">\n\t\t\t\t\t\t<div class=\"elementor-element elementor-element-c3d3619 elementor-widget elementor-widget-spacer\" data-id=\"c3d3619\" data-element_type=\"widget\" data-e-type=\"widget\" data-widget_type=\"spacer.default\">\n\t\t\t\t<div class=\"elementor-widget-container\">\n\t\t\t\t\t\t\t<div class=\"elementor-spacer\">\n\t\t\t<div class=\"elementor-spacer-inner\"><\/div>\n\t\t<\/div>\n\t\t\t\t\t\t<\/div>\n\t\t\t\t<\/div>\n\t\t\t\t\t<\/div>\n\t\t<\/div>\n\t\t\t\t\t<\/div>\n\t\t<\/section>\n\t\t\t\t<\/div>","protected":false},"excerpt":{"rendered":"<p>\u062d\u0648\u0644 \u0627\u0644\u0631\u0627\u0628\u0637\u0629 \u0631\u0627\u0628\u0637\u0629 \u0627\u0644\u0645\u062f\u0627\u0631\u0633 \u0627\u0644\u0625\u0633\u0644\u0627\u0645\u064a\u0629 \u0648\u0627\u0644\u0646\u0645\u0648\u0630\u062c\u064a\u0629 \u0641\u064a \u0643\u0648\u062a \u062f\u064a\u0641\u0648\u0627\u0631: \u0647\u064a \u0631\u0627\u0628\u0637\u0629 \u0625\u0633\u0644\u0627\u0645\u064a\u0629 \u0639\u0644\u0645\u064a\u0629 \u062a\u0631\u0628\u0648\u064a\u0629 \u0623\u062e\u0644\u0627\u0642\u064a\u0629 \u062a\u0647\u062f\u0641 \u0625\u0644\u0649 \u062a\u0648\u062d\u064a\u062f \u0627\u0644\u0645\u0646\u0627\u0647\u062c \u0627\u0644\u062f\u0631\u0627\u0633\u064a\u0629\u060c \u0648\u062a\u0648\u0637\u064a\u062f \u0627\u0644\u0639\u0644\u0627\u0642\u0629 \u0628\u064a\u0646 \u0627\u0644\u0645\u062f\u0627\u0631\u0633 \u0627\u0644\u0639\u0631\u0628\u064a\u0629 \u0627\u0644\u0625\u0633\u0644\u0627\u0645\u064a\u0629 \u0648\u0627\u0644\u062d\u0643\u0648\u0645\u0629\u060c \u0648\u0627\u0644\u062f\u0641\u0627\u0639 \u0639\u0646 \u062d\u0642\u0648\u0642\u0647\u0627. \u0623\u0633\u0633\u062a \u064a\u0648\u0645 \u0627\u0644\u0623\u062d\u062f 15\/\u0623\u0641\u0631\u064a\u0644\/2012 \u0641\u064a \u062c\u0627\u0645\u0639\u0629 \u0627\u0644\u0641\u0631\u0642\u0627\u0646 \u0627\u0644\u0625\u0633\u0644\u0627\u0645\u064a\u0629. \u0627\u0644\u0627\u062d\u0635\u0627\u0626\u064a\u0627\u062a: \u0639\u062f\u062f \u0627\u0644\u0645\u062f\u0627\u0631\u0633 \u0627\u0644\u062a\u064a \u0627\u0646\u0636\u0645\u062a \u0625\u0644\u0649 \u0627\u0644\u0631\u0627\u0628\u0637\u0629: 1010 \u0645\u062f\u0631\u0633\u0629 \u0639\u062f\u062f \u0627\u0644\u0645\u062f\u0627\u0631\u0633 \u0627\u0644\u0645\u0639\u062a\u0631\u0641\u0629 \u0628\u0647\u0627 \u0644\u062f\u0649 \u0627\u0644\u062d\u0643\u0648\u0645\u0629: 325 \u0645\u062f\u0631\u0633\u0629&#8230;<\/p>","protected":false},"author":1,"featured_media":0,"parent":0,"menu_order":0,"comment_status":"closed","ping_status":"closed","template":"","meta":{"_acf_changed":false,"_monsterinsights_skip_tracking":false,"_monsterinsights_sitenote_active":false,"_monsterinsights_sitenote_note":"","_monsterinsights_sitenote_category":0,"footnotes":""},"class_list":["post-508","page","type-page","status-publish","hentry"],"acf":[],"_links":{"self":[{"href":"https:\/\/www.safeernpo.sa\/fr\/wp-json\/wp\/v2\/pages\/508","targetHints":{"allow":["GET"]}}],"collection":[{"href":"https:\/\/www.safeernpo.sa\/fr\/wp-json\/wp\/v2\/pages"}],"about":[{"href":"https:\/\/www.safeernpo.sa\/fr\/wp-json\/wp\/v2\/types\/page"}],"author":[{"embeddable":true,"href":"https:\/\/www.safeernpo.sa\/fr\/wp-json\/wp\/v2\/users\/1"}],"replies":[{"embeddable":true,"href":"https:\/\/www.safeernpo.sa\/fr\/wp-json\/wp\/v2\/comments?post=508"}],"version-history":[{"count":126,"href":"https:\/\/www.safeernpo.sa\/fr\/wp-json\/wp\/v2\/pages\/508\/revisions"}],"predecessor-version":[{"id":11909,"href":"https:\/\/www.safeernpo.sa\/fr\/wp-json\/wp\/v2\/pages\/508\/revisions\/11909"}],"wp:attachment":[{"href":"https:\/\/www.safeernpo.sa\/fr\/wp-json\/wp\/v2\/media?parent=508"}],"curies":[{"name":"wp","href":"https:\/\/api.w.org\/{rel}","templated":true}]}}